{"id":2997,"date":"2023-03-05T00:13:36","date_gmt":"2023-03-04T22:13:36","guid":{"rendered":"https:\/\/vaultingshop.com\/product\/all-i-need-hoodie-unisex\/"},"modified":"2026-03-17T20:58:06","modified_gmt":"2026-03-17T18:58:06","slug":"all-i-need-hoodie-unisex","status":"publish","type":"product","link":"https:\/\/vaultingshop.com\/de\/produkt\/all-i-need-hoodie-unisex\/","title":{"rendered":"All I Need Hoodie (Unisex)"},"content":{"rendered":"<p>Wer h\u00e4tte gedacht, dass der weichste Kapuzenpulli, den du je besitzen wirst, ein so cooles Statement-Design hat. Du wirst den Kauf dieses klassischen Hoodies mit praktischer Beuteltasche und warmer Kapuze f\u00fcr k\u00fchle Abende nicht bereuen.<\/p>\n<p>\u2022 100% cotton face<br \/>\n\u2022 65% ring-spun cotton, 35% polyester<br \/>\n\u2022 Front pouch pocket<br \/>\n\u2022 Self-fabric patch on the back<br \/>\n\u2022 Matching flat drawstrings<br \/>\n\u2022 3-panel hood<\/p>\n<p>This product is made especially for you as soon as you place an order, which is why it takes us a bit longer to deliver it to you. Making products on demand instead of in bulk helps reduce overproduction, so thank you for making thoughtful purchasing decisions!<\/p>","protected":false},"excerpt":{"rendered":"<div class=\"woocommerce-product-details__short-description\">\n<p>Dieser kuschelige Kapuzenpulli im \u201eAll I Need\u201c-Design ist die perfekte Wahl f\u00fcr vor und nach dem Voltigiertraining, beim Longieren oder einfach beim Abh\u00e4ngen mit deinen Voltis, so gem\u00fctlich!<\/p>\n<\/div>","protected":false},"featured_media":3012,"comment_status":"closed","ping_status":"closed","template":"","meta":[],"product_brand":[],"product_cat":[108,94,97,61],"product_tag":[],"class_list":{"0":"post-2997","1":"product","2":"type-product","3":"status-publish","4":"has-post-thumbnail","6":"product_cat-all-i-need-collection","7":"product_cat-vaulting-clothes","8":"product_cat-vaulting-collections","9":"product_cat-vaulting-hoodies","10":"has-thumbnail","12":"first","13":"instock","14":"shipping-taxable","15":"purchasable","16":"product-type-variable"},"yoast_head":"<!-- This site is optimized with the Yoast SEO plugin v24.5 - https:\/\/yoast.com\/wordpress\/plugins\/seo\/ -->\n<title>All I Need Hoodie (Unisex) - Vaulting World Shop<\/title>\n<meta name=\"robots\" content=\"noindex, follow, max-snippet:-1, max-image-preview:large, max-video-preview:-1\" \/>\n<meta property=\"og:locale\" content=\"de_DE\" \/>\n<meta property=\"og:type\" content=\"article\" \/>\n<meta property=\"og:title\" content=\"All I Need Hoodie (Unisex) - Vaulting World Shop\" \/>\n<meta property=\"og:description\" content=\"This cozy statement hoodie in our &quot;All I Need&quot; design is the perfect choice to wear before and after vaulting training, when lunging or just hanging out with your vaulting friends, so cozy!\" \/>\n<meta property=\"og:url\" content=\"https:\/\/vaultingshop.com\/de\/produkt\/all-i-need-hoodie-unisex\/\" \/>\n<meta property=\"og:site_name\" content=\"Vaulting World Shop\" \/>\n<meta property=\"article:modified_time\" content=\"2026-03-17T18:58:06+00:00\" \/>\n<meta property=\"og:image\" content=\"https:\/\/vaultingshop.com\/wp-content\/uploads\/2023\/03\/unisex-premium-hoodie-white-front-6403c277132cd.jpg\" \/>\n\t<meta property=\"og:image:width\" content=\"2000\" \/>\n\t<meta property=\"og:image:height\" content=\"2000\" \/>\n\t<meta property=\"og:image:type\" content=\"image\/jpeg\" \/>\n<meta name=\"twitter:card\" content=\"summary_large_image\" \/>\n<meta name=\"twitter:label1\" content=\"Gesch\u00e4tzte Lesezeit\" \/>\n\t<meta name=\"twitter:data1\" content=\"1\u00a0Minute\" \/>\n<script type=\"application\/ld+json\" class=\"yoast-schema-graph\">{\"@context\":\"https:\/\/schema.org\",\"@graph\":[{\"@type\":\"WebPage\",\"@id\":\"https:\/\/vaultingshop.com\/product\/all-i-need-hoodie-unisex\/\",\"url\":\"https:\/\/vaultingshop.com\/product\/all-i-need-hoodie-unisex\/\",\"name\":\"All I Need Hoodie (Unisex) - Vaulting World Shop\",\"isPartOf\":{\"@id\":\"https:\/\/vaultingshop.com\/#website\"},\"primaryImageOfPage\":{\"@id\":\"https:\/\/vaultingshop.com\/product\/all-i-need-hoodie-unisex\/#primaryimage\"},\"image\":{\"@id\":\"https:\/\/vaultingshop.com\/product\/all-i-need-hoodie-unisex\/#primaryimage\"},\"thumbnailUrl\":\"https:\/\/vaultingshop.com\/wp-content\/uploads\/2023\/03\/unisex-premium-hoodie-white-front-6403c277132cd.jpg\",\"datePublished\":\"2023-03-04T22:13:36+00:00\",\"dateModified\":\"2026-03-17T18:58:06+00:00\",\"breadcrumb\":{\"@id\":\"https:\/\/vaultingshop.com\/product\/all-i-need-hoodie-unisex\/#breadcrumb\"},\"inLanguage\":\"de\",\"potentialAction\":[{\"@type\":\"ReadAction\",\"target\":[\"https:\/\/vaultingshop.com\/product\/all-i-need-hoodie-unisex\/\"]}]},{\"@type\":\"ImageObject\",\"inLanguage\":\"de\",\"@id\":\"https:\/\/vaultingshop.com\/product\/all-i-need-hoodie-unisex\/#primaryimage\",\"url\":\"https:\/\/vaultingshop.com\/wp-content\/uploads\/2023\/03\/unisex-premium-hoodie-white-front-6403c277132cd.jpg\",\"contentUrl\":\"https:\/\/vaultingshop.com\/wp-content\/uploads\/2023\/03\/unisex-premium-hoodie-white-front-6403c277132cd.jpg\",\"width\":2000,\"height\":2000},{\"@type\":\"BreadcrumbList\",\"@id\":\"https:\/\/vaultingshop.com\/product\/all-i-need-hoodie-unisex\/#breadcrumb\",\"itemListElement\":[{\"@type\":\"ListItem\",\"position\":1,\"name\":\"Startseite\",\"item\":\"https:\/\/vaultingshop.com\/\"},{\"@type\":\"ListItem\",\"position\":2,\"name\":\"Shop\",\"item\":\"https:\/\/vaultingshop.com\/shop\/\"},{\"@type\":\"ListItem\",\"position\":3,\"name\":\"All I Need Hoodie (Unisex)\"}]},{\"@type\":\"WebSite\",\"@id\":\"https:\/\/vaultingshop.com\/#website\",\"url\":\"https:\/\/vaultingshop.com\/\",\"name\":\"Vaulting World Shop\",\"description\":\"Connecting Vaulters\",\"potentialAction\":[{\"@type\":\"SearchAction\",\"target\":{\"@type\":\"EntryPoint\",\"urlTemplate\":\"https:\/\/vaultingshop.com\/?s={search_term_string}\"},\"query-input\":{\"@type\":\"PropertyValueSpecification\",\"valueRequired\":true,\"valueName\":\"search_term_string\"}}],\"inLanguage\":\"de\"}]}<\/script>\n<!-- \/ Yoast SEO plugin. -->","yoast_head_json":{"title":"All I Need Hoodie (Unisex) - Vaulting World Shop","robots":{"index":"noindex","follow":"follow","max-snippet":"max-snippet:-1","max-image-preview":"max-image-preview:large","max-video-preview":"max-video-preview:-1"},"og_locale":"de_DE","og_type":"article","og_title":"All I Need Hoodie (Unisex) - Vaulting World Shop","og_description":"This cozy statement hoodie in our \"All I Need\" design is the perfect choice to wear before and after vaulting training, when lunging or just hanging out with your vaulting friends, so cozy!","og_url":"https:\/\/vaultingshop.com\/de\/produkt\/all-i-need-hoodie-unisex\/","og_site_name":"Vaulting World Shop","article_modified_time":"2026-03-17T18:58:06+00:00","og_image":[{"width":2000,"height":2000,"url":"https:\/\/vaultingshop.com\/wp-content\/uploads\/2023\/03\/unisex-premium-hoodie-white-front-6403c277132cd.jpg","type":"image\/jpeg"}],"twitter_card":"summary_large_image","twitter_misc":{"Gesch\u00e4tzte Lesezeit":"1\u00a0Minute"},"schema":{"@context":"https:\/\/schema.org","@graph":[{"@type":"WebPage","@id":"https:\/\/vaultingshop.com\/product\/all-i-need-hoodie-unisex\/","url":"https:\/\/vaultingshop.com\/product\/all-i-need-hoodie-unisex\/","name":"All I Need Hoodie (Unisex) - Vaulting World Shop","isPartOf":{"@id":"https:\/\/vaultingshop.com\/#website"},"primaryImageOfPage":{"@id":"https:\/\/vaultingshop.com\/product\/all-i-need-hoodie-unisex\/#primaryimage"},"image":{"@id":"https:\/\/vaultingshop.com\/product\/all-i-need-hoodie-unisex\/#primaryimage"},"thumbnailUrl":"https:\/\/vaultingshop.com\/wp-content\/uploads\/2023\/03\/unisex-premium-hoodie-white-front-6403c277132cd.jpg","datePublished":"2023-03-04T22:13:36+00:00","dateModified":"2026-03-17T18:58:06+00:00","breadcrumb":{"@id":"https:\/\/vaultingshop.com\/product\/all-i-need-hoodie-unisex\/#breadcrumb"},"inLanguage":"de","potentialAction":[{"@type":"ReadAction","target":["https:\/\/vaultingshop.com\/product\/all-i-need-hoodie-unisex\/"]}]},{"@type":"ImageObject","inLanguage":"de","@id":"https:\/\/vaultingshop.com\/product\/all-i-need-hoodie-unisex\/#primaryimage","url":"https:\/\/vaultingshop.com\/wp-content\/uploads\/2023\/03\/unisex-premium-hoodie-white-front-6403c277132cd.jpg","contentUrl":"https:\/\/vaultingshop.com\/wp-content\/uploads\/2023\/03\/unisex-premium-hoodie-white-front-6403c277132cd.jpg","width":2000,"height":2000},{"@type":"BreadcrumbList","@id":"https:\/\/vaultingshop.com\/product\/all-i-need-hoodie-unisex\/#breadcrumb","itemListElement":[{"@type":"ListItem","position":1,"name":"Startseite","item":"https:\/\/vaultingshop.com\/"},{"@type":"ListItem","position":2,"name":"Shop","item":"https:\/\/vaultingshop.com\/shop\/"},{"@type":"ListItem","position":3,"name":"All I Need Hoodie (Unisex)"}]},{"@type":"WebSite","@id":"https:\/\/vaultingshop.com\/#website","url":"https:\/\/vaultingshop.com\/","name":"Vaulting World Shop","description":"Connecting Vaulters","potentialAction":[{"@type":"SearchAction","target":{"@type":"EntryPoint","urlTemplate":"https:\/\/vaultingshop.com\/?s={search_term_string}"},"query-input":{"@type":"PropertyValueSpecification","valueRequired":true,"valueName":"search_term_string"}}],"inLanguage":"de"}]}},"jetpack_sharing_enabled":true,"_links":{"self":[{"href":"https:\/\/vaultingshop.com\/de\/wp-json\/wp\/v2\/product\/2997","targetHints":{"allow":["GET"]}}],"collection":[{"href":"https:\/\/vaultingshop.com\/de\/wp-json\/wp\/v2\/product"}],"about":[{"href":"https:\/\/vaultingshop.com\/de\/wp-json\/wp\/v2\/types\/product"}],"replies":[{"embeddable":true,"href":"https:\/\/vaultingshop.com\/de\/wp-json\/wp\/v2\/comments?post=2997"}],"wp:featuredmedia":[{"embeddable":true,"href":"https:\/\/vaultingshop.com\/de\/wp-json\/wp\/v2\/media\/3012"}],"wp:attachment":[{"href":"https:\/\/vaultingshop.com\/de\/wp-json\/wp\/v2\/media?parent=2997"}],"wp:term":[{"taxonomy":"product_brand","embeddable":true,"href":"https:\/\/vaultingshop.com\/de\/wp-json\/wp\/v2\/product_brand?post=2997"},{"taxonomy":"product_cat","embeddable":true,"href":"https:\/\/vaultingshop.com\/de\/wp-json\/wp\/v2\/product_cat?post=2997"},{"taxonomy":"product_tag","embeddable":true,"href":"https:\/\/vaultingshop.com\/de\/wp-json\/wp\/v2\/product_tag?post=2997"}],"curies":[{"name":"wp","href":"https:\/\/api.w.org\/{rel}","templated":true}]}}