{"id":2698,"date":"2020-11-07T21:36:39","date_gmt":"2020-11-07T19:36:39","guid":{"rendered":"http:\/\/vaultingshop.com.w01b331e.kasserver.com\/product\/vaulting-world-hoodie-unisex-2\/"},"modified":"2025-02-22T20:37:27","modified_gmt":"2025-02-22T18:37:27","slug":"vaulting-world-hoodie-unisex-2","status":"publish","type":"product","link":"https:\/\/vaultingshop.com\/de\/produkt\/vaulting-world-hoodie-unisex-2\/","title":{"rendered":"Vaulting World Hoodie (Unisex)"},"content":{"rendered":"<p class=\"translation-block\">Der l\u00e4ssige Voltigier-Kapuzenpullover in unserem einzigartigen Vaulting World Design ist sehr bequem und der Unisex-Schnitt passt sowohl f\u00fcr M\u00e4nner als auch f\u00fcr Frauen.\nDieser Hoodie ist die perfekte Wahl, um ihn vor und nach dem Voltigiertraining zu tragen, beim Longieren oder einfach beim Abh\u00e4ngen mit deinem Voltigierteam. Du kannst ihn auch bei Turnieren und Veranstaltungen tragen. Sei ein Teil der Vaulting World Community mit diesem Hoodie!<br>\n\u2022 50% vorgeschrumpfte Baumwolle, 50% Polyester<br>\n\u2022 Einfacher Logodruck auf dem R\u00fccken\n\u2022 Unisex-Schnitt<br>\n\u2022 Doppelt gef\u00fctterte Kapuze mit Kordelzug<br>\n\u2022 Bund mit Elasthan<br>\n\u2022 Beuteltasche vorne<\/p>","protected":false},"excerpt":{"rendered":"<p>Dieser Kapuzenpulli ist die perfekte Wahl, um ihn vor und nach dem Voltigiertraining zu tragen, beim Longieren oder einfach nur, um mit deinem Voltigierteam abzuh\u00e4ngen. Du kannst ihn auch bei Turnieren und Veranstaltungen tragen. Werde Teil der Vaulting World Community mit diesem Volti-Hoodie!<\/p>","protected":false},"featured_media":2707,"comment_status":"closed","ping_status":"closed","template":"","meta":[],"product_brand":[],"product_cat":[61,60],"product_tag":[],"class_list":{"0":"post-2698","1":"product","2":"type-product","3":"status-publish","4":"has-post-thumbnail","6":"product_cat-vaulting-hoodies","7":"product_cat-vaulting-world-collection","8":"has-thumbnail","10":"first","11":"instock","12":"shipping-taxable","13":"purchasable","14":"product-type-variable","15":"has-default-attributes"},"yoast_head":"<!-- This site is optimized with the Yoast SEO plugin v24.5 - https:\/\/yoast.com\/wordpress\/plugins\/seo\/ -->\n<title>Vaulting World Hoodie (Unisex) - Vaulting World Shop<\/title>\n<meta name=\"robots\" content=\"noindex, follow, max-snippet:-1, max-image-preview:large, max-video-preview:-1\" \/>\n<meta property=\"og:locale\" content=\"de_DE\" \/>\n<meta property=\"og:type\" content=\"article\" \/>\n<meta property=\"og:title\" content=\"Vaulting World Hoodie (Unisex) - Vaulting World Shop\" \/>\n<meta property=\"og:description\" content=\"This hoodie is the perfect choice to wear before and after vaulting training, when lunging or just hanging out with your vaulting team. You can also wear it at competitions and events. Be a part of the Vaulting World Community with this vaulting hoodie!\" \/>\n<meta property=\"og:url\" content=\"https:\/\/vaultingshop.com\/de\/produkt\/vaulting-world-hoodie-unisex-2\/\" \/>\n<meta property=\"og:site_name\" content=\"Vaulting World Shop\" \/>\n<meta property=\"article:modified_time\" content=\"2025-02-22T18:37:27+00:00\" \/>\n<meta property=\"og:image\" content=\"https:\/\/vaultingshop.com\/wp-content\/uploads\/2020\/11\/mockup-52d40c3c.jpg\" \/>\n\t<meta property=\"og:image:width\" content=\"1000\" \/>\n\t<meta property=\"og:image:height\" content=\"1000\" \/>\n\t<meta property=\"og:image:type\" content=\"image\/jpeg\" \/>\n<meta name=\"twitter:card\" content=\"summary_large_image\" \/>\n<script type=\"application\/ld+json\" class=\"yoast-schema-graph\">{\"@context\":\"https:\/\/schema.org\",\"@graph\":[{\"@type\":\"WebPage\",\"@id\":\"https:\/\/vaultingshop.com\/product\/vaulting-world-hoodie-unisex-2\/\",\"url\":\"https:\/\/vaultingshop.com\/product\/vaulting-world-hoodie-unisex-2\/\",\"name\":\"Vaulting World Hoodie (Unisex) - Vaulting World Shop\",\"isPartOf\":{\"@id\":\"https:\/\/vaultingshop.com\/#website\"},\"primaryImageOfPage\":{\"@id\":\"https:\/\/vaultingshop.com\/product\/vaulting-world-hoodie-unisex-2\/#primaryimage\"},\"image\":{\"@id\":\"https:\/\/vaultingshop.com\/product\/vaulting-world-hoodie-unisex-2\/#primaryimage\"},\"thumbnailUrl\":\"https:\/\/vaultingshop.com\/wp-content\/uploads\/2020\/11\/mockup-52d40c3c.jpg\",\"datePublished\":\"2020-11-07T19:36:39+00:00\",\"dateModified\":\"2025-02-22T18:37:27+00:00\",\"breadcrumb\":{\"@id\":\"https:\/\/vaultingshop.com\/product\/vaulting-world-hoodie-unisex-2\/#breadcrumb\"},\"inLanguage\":\"de\",\"potentialAction\":[{\"@type\":\"ReadAction\",\"target\":[\"https:\/\/vaultingshop.com\/product\/vaulting-world-hoodie-unisex-2\/\"]}]},{\"@type\":\"ImageObject\",\"inLanguage\":\"de\",\"@id\":\"https:\/\/vaultingshop.com\/product\/vaulting-world-hoodie-unisex-2\/#primaryimage\",\"url\":\"https:\/\/vaultingshop.com\/wp-content\/uploads\/2020\/11\/mockup-52d40c3c.jpg\",\"contentUrl\":\"https:\/\/vaultingshop.com\/wp-content\/uploads\/2020\/11\/mockup-52d40c3c.jpg\",\"width\":1000,\"height\":1000},{\"@type\":\"BreadcrumbList\",\"@id\":\"https:\/\/vaultingshop.com\/product\/vaulting-world-hoodie-unisex-2\/#breadcrumb\",\"itemListElement\":[{\"@type\":\"ListItem\",\"position\":1,\"name\":\"Startseite\",\"item\":\"https:\/\/vaultingshop.com\/\"},{\"@type\":\"ListItem\",\"position\":2,\"name\":\"Shop\",\"item\":\"https:\/\/vaultingshop.com\/shop\/\"},{\"@type\":\"ListItem\",\"position\":3,\"name\":\"Vaulting World Hoodie (Unisex)\"}]},{\"@type\":\"WebSite\",\"@id\":\"https:\/\/vaultingshop.com\/#website\",\"url\":\"https:\/\/vaultingshop.com\/\",\"name\":\"Vaulting World Shop\",\"description\":\"Connecting Vaulters\",\"potentialAction\":[{\"@type\":\"SearchAction\",\"target\":{\"@type\":\"EntryPoint\",\"urlTemplate\":\"https:\/\/vaultingshop.com\/?s={search_term_string}\"},\"query-input\":{\"@type\":\"PropertyValueSpecification\",\"valueRequired\":true,\"valueName\":\"search_term_string\"}}],\"inLanguage\":\"de\"}]}<\/script>\n<!-- \/ Yoast SEO plugin. -->","yoast_head_json":{"title":"Vaulting World Hoodie (Unisex) - Vaulting World Shop","robots":{"index":"noindex","follow":"follow","max-snippet":"max-snippet:-1","max-image-preview":"max-image-preview:large","max-video-preview":"max-video-preview:-1"},"og_locale":"de_DE","og_type":"article","og_title":"Vaulting World Hoodie (Unisex) - Vaulting World Shop","og_description":"This hoodie is the perfect choice to wear before and after vaulting training, when lunging or just hanging out with your vaulting team. You can also wear it at competitions and events. Be a part of the Vaulting World Community with this vaulting hoodie!","og_url":"https:\/\/vaultingshop.com\/de\/produkt\/vaulting-world-hoodie-unisex-2\/","og_site_name":"Vaulting World Shop","article_modified_time":"2025-02-22T18:37:27+00:00","og_image":[{"width":1000,"height":1000,"url":"https:\/\/vaultingshop.com\/wp-content\/uploads\/2020\/11\/mockup-52d40c3c.jpg","type":"image\/jpeg"}],"twitter_card":"summary_large_image","schema":{"@context":"https:\/\/schema.org","@graph":[{"@type":"WebPage","@id":"https:\/\/vaultingshop.com\/product\/vaulting-world-hoodie-unisex-2\/","url":"https:\/\/vaultingshop.com\/product\/vaulting-world-hoodie-unisex-2\/","name":"Vaulting World Hoodie (Unisex) - Vaulting World Shop","isPartOf":{"@id":"https:\/\/vaultingshop.com\/#website"},"primaryImageOfPage":{"@id":"https:\/\/vaultingshop.com\/product\/vaulting-world-hoodie-unisex-2\/#primaryimage"},"image":{"@id":"https:\/\/vaultingshop.com\/product\/vaulting-world-hoodie-unisex-2\/#primaryimage"},"thumbnailUrl":"https:\/\/vaultingshop.com\/wp-content\/uploads\/2020\/11\/mockup-52d40c3c.jpg","datePublished":"2020-11-07T19:36:39+00:00","dateModified":"2025-02-22T18:37:27+00:00","breadcrumb":{"@id":"https:\/\/vaultingshop.com\/product\/vaulting-world-hoodie-unisex-2\/#breadcrumb"},"inLanguage":"de","potentialAction":[{"@type":"ReadAction","target":["https:\/\/vaultingshop.com\/product\/vaulting-world-hoodie-unisex-2\/"]}]},{"@type":"ImageObject","inLanguage":"de","@id":"https:\/\/vaultingshop.com\/product\/vaulting-world-hoodie-unisex-2\/#primaryimage","url":"https:\/\/vaultingshop.com\/wp-content\/uploads\/2020\/11\/mockup-52d40c3c.jpg","contentUrl":"https:\/\/vaultingshop.com\/wp-content\/uploads\/2020\/11\/mockup-52d40c3c.jpg","width":1000,"height":1000},{"@type":"BreadcrumbList","@id":"https:\/\/vaultingshop.com\/product\/vaulting-world-hoodie-unisex-2\/#breadcrumb","itemListElement":[{"@type":"ListItem","position":1,"name":"Startseite","item":"https:\/\/vaultingshop.com\/"},{"@type":"ListItem","position":2,"name":"Shop","item":"https:\/\/vaultingshop.com\/shop\/"},{"@type":"ListItem","position":3,"name":"Vaulting World Hoodie (Unisex)"}]},{"@type":"WebSite","@id":"https:\/\/vaultingshop.com\/#website","url":"https:\/\/vaultingshop.com\/","name":"Vaulting World Shop","description":"Connecting Vaulters","potentialAction":[{"@type":"SearchAction","target":{"@type":"EntryPoint","urlTemplate":"https:\/\/vaultingshop.com\/?s={search_term_string}"},"query-input":{"@type":"PropertyValueSpecification","valueRequired":true,"valueName":"search_term_string"}}],"inLanguage":"de"}]}},"jetpack_sharing_enabled":true,"_links":{"self":[{"href":"https:\/\/vaultingshop.com\/de\/wp-json\/wp\/v2\/product\/2698","targetHints":{"allow":["GET"]}}],"collection":[{"href":"https:\/\/vaultingshop.com\/de\/wp-json\/wp\/v2\/product"}],"about":[{"href":"https:\/\/vaultingshop.com\/de\/wp-json\/wp\/v2\/types\/product"}],"replies":[{"embeddable":true,"href":"https:\/\/vaultingshop.com\/de\/wp-json\/wp\/v2\/comments?post=2698"}],"wp:featuredmedia":[{"embeddable":true,"href":"https:\/\/vaultingshop.com\/de\/wp-json\/wp\/v2\/media\/2707"}],"wp:attachment":[{"href":"https:\/\/vaultingshop.com\/de\/wp-json\/wp\/v2\/media?parent=2698"}],"wp:term":[{"taxonomy":"product_brand","embeddable":true,"href":"https:\/\/vaultingshop.com\/de\/wp-json\/wp\/v2\/product_brand?post=2698"},{"taxonomy":"product_cat","embeddable":true,"href":"https:\/\/vaultingshop.com\/de\/wp-json\/wp\/v2\/product_cat?post=2698"},{"taxonomy":"product_tag","embeddable":true,"href":"https:\/\/vaultingshop.com\/de\/wp-json\/wp\/v2\/product_tag?post=2698"}],"curies":[{"name":"wp","href":"https:\/\/api.w.org\/{rel}","templated":true}]}}