{"id":2681,"date":"2020-11-07T21:28:59","date_gmt":"2020-11-07T19:28:59","guid":{"rendered":"http:\/\/vaultingshop.com.w01b331e.kasserver.com\/product\/vaulting-world-t-shirt-unisex-2\/"},"modified":"2020-11-07T21:30:19","modified_gmt":"2020-11-07T19:30:19","slug":"vaulting-world-t-shirt-unisex-2","status":"publish","type":"product","link":"https:\/\/vaultingshop.com\/de\/produkt\/vaulting-world-t-shirt-unisex-2\/","title":{"rendered":"Vaulting World T-Shirt (Unisex)"},"content":{"rendered":"<p>Das sch\u00f6ne Voltigier-T-Shirt in unserem einzigartigen Vaulting World Design f\u00fchlt sich weich und leicht an, mit genau dem richtigen Ma\u00df an Stretch. Es ist bequem und der Unisex-Schnitt passt sowohl f\u00fcr M\u00e4nner als auch f\u00fcr Frauen.<\/p>\n<p>Dieses T-Shirt ist perfekt f\u00fcr's Voltigiertraining und du kannst es auch bei Turnieren und Veranstaltungen tragen. Werde Teil der Vaulting World Community mit diesem Volti-Shirt!<\/p>\n<p>\u2022 100% gek\u00e4mmte und ringgesponnene Baumwolle<br \/>\n\u2022 Einfacher Logodruck auf der R\u00fcckseite<br \/>\n\u2022 Unisex-Schnitt<\/p>","protected":false},"excerpt":{"rendered":"<p>Dieses T-Shirt ist perfekt f\u00fcr's Voltigiertraining und du kannst es auch bei Turnieren und Veranstaltungen tragen. Werde Teil der Vaulting World Community mit diesem Volti-Shirt!<\/p>","protected":false},"featured_media":2696,"comment_status":"closed","ping_status":"closed","template":"","meta":[],"product_brand":[],"product_cat":[17,60],"product_tag":[],"class_list":{"0":"post-2681","1":"product","2":"type-product","3":"status-publish","4":"has-post-thumbnail","6":"product_cat-vaulting-t-shirts","7":"product_cat-vaulting-world-collection","8":"has-thumbnail","10":"first","11":"instock","12":"shipping-taxable","13":"purchasable","14":"product-type-variable","15":"has-default-attributes"},"yoast_head":"<!-- This site is optimized with the Yoast SEO plugin v24.5 - https:\/\/yoast.com\/wordpress\/plugins\/seo\/ -->\n<title>Vaulting World T-Shirt (Unisex) - Vaulting World Shop<\/title>\n<meta name=\"robots\" content=\"noindex, follow, max-snippet:-1, max-image-preview:large, max-video-preview:-1\" \/>\n<meta property=\"og:locale\" content=\"de_DE\" \/>\n<meta property=\"og:type\" content=\"article\" \/>\n<meta property=\"og:title\" content=\"Vaulting World T-Shirt (Unisex) - Vaulting World Shop\" \/>\n<meta property=\"og:description\" content=\"This shirt is perfect for vaulting training and you can also wear it at competitions and events. Be a part of the Vaulting World Community with this vaulting shirt!\" \/>\n<meta property=\"og:url\" content=\"https:\/\/vaultingshop.com\/de\/produkt\/vaulting-world-t-shirt-unisex-2\/\" \/>\n<meta property=\"og:site_name\" content=\"Vaulting World Shop\" \/>\n<meta property=\"article:modified_time\" content=\"2020-11-07T19:30:19+00:00\" \/>\n<meta property=\"og:image\" content=\"https:\/\/vaultingshop.com\/wp-content\/uploads\/2020\/11\/mockup-15b406cb.jpg\" \/>\n\t<meta property=\"og:image:width\" content=\"1000\" \/>\n\t<meta property=\"og:image:height\" content=\"1000\" \/>\n\t<meta property=\"og:image:type\" content=\"image\/jpeg\" \/>\n<meta name=\"twitter:card\" content=\"summary_large_image\" \/>\n<script type=\"application\/ld+json\" class=\"yoast-schema-graph\">{\"@context\":\"https:\/\/schema.org\",\"@graph\":[{\"@type\":\"WebPage\",\"@id\":\"https:\/\/vaultingshop.com\/product\/vaulting-world-t-shirt-unisex-2\/\",\"url\":\"https:\/\/vaultingshop.com\/product\/vaulting-world-t-shirt-unisex-2\/\",\"name\":\"Vaulting World T-Shirt (Unisex) - Vaulting World Shop\",\"isPartOf\":{\"@id\":\"https:\/\/vaultingshop.com\/#website\"},\"primaryImageOfPage\":{\"@id\":\"https:\/\/vaultingshop.com\/product\/vaulting-world-t-shirt-unisex-2\/#primaryimage\"},\"image\":{\"@id\":\"https:\/\/vaultingshop.com\/product\/vaulting-world-t-shirt-unisex-2\/#primaryimage\"},\"thumbnailUrl\":\"https:\/\/vaultingshop.com\/wp-content\/uploads\/2020\/11\/mockup-15b406cb.jpg\",\"datePublished\":\"2020-11-07T19:28:59+00:00\",\"dateModified\":\"2020-11-07T19:30:19+00:00\",\"breadcrumb\":{\"@id\":\"https:\/\/vaultingshop.com\/product\/vaulting-world-t-shirt-unisex-2\/#breadcrumb\"},\"inLanguage\":\"de\",\"potentialAction\":[{\"@type\":\"ReadAction\",\"target\":[\"https:\/\/vaultingshop.com\/product\/vaulting-world-t-shirt-unisex-2\/\"]}]},{\"@type\":\"ImageObject\",\"inLanguage\":\"de\",\"@id\":\"https:\/\/vaultingshop.com\/product\/vaulting-world-t-shirt-unisex-2\/#primaryimage\",\"url\":\"https:\/\/vaultingshop.com\/wp-content\/uploads\/2020\/11\/mockup-15b406cb.jpg\",\"contentUrl\":\"https:\/\/vaultingshop.com\/wp-content\/uploads\/2020\/11\/mockup-15b406cb.jpg\",\"width\":1000,\"height\":1000},{\"@type\":\"BreadcrumbList\",\"@id\":\"https:\/\/vaultingshop.com\/product\/vaulting-world-t-shirt-unisex-2\/#breadcrumb\",\"itemListElement\":[{\"@type\":\"ListItem\",\"position\":1,\"name\":\"Startseite\",\"item\":\"https:\/\/vaultingshop.com\/\"},{\"@type\":\"ListItem\",\"position\":2,\"name\":\"Shop\",\"item\":\"https:\/\/vaultingshop.com\/shop\/\"},{\"@type\":\"ListItem\",\"position\":3,\"name\":\"Vaulting World T-Shirt (Unisex)\"}]},{\"@type\":\"WebSite\",\"@id\":\"https:\/\/vaultingshop.com\/#website\",\"url\":\"https:\/\/vaultingshop.com\/\",\"name\":\"Vaulting World Shop\",\"description\":\"Connecting Vaulters\",\"potentialAction\":[{\"@type\":\"SearchAction\",\"target\":{\"@type\":\"EntryPoint\",\"urlTemplate\":\"https:\/\/vaultingshop.com\/?s={search_term_string}\"},\"query-input\":{\"@type\":\"PropertyValueSpecification\",\"valueRequired\":true,\"valueName\":\"search_term_string\"}}],\"inLanguage\":\"de\"}]}<\/script>\n<!-- \/ Yoast SEO plugin. -->","yoast_head_json":{"title":"Vaulting World T-Shirt (Unisex) - Vaulting World Shop","robots":{"index":"noindex","follow":"follow","max-snippet":"max-snippet:-1","max-image-preview":"max-image-preview:large","max-video-preview":"max-video-preview:-1"},"og_locale":"de_DE","og_type":"article","og_title":"Vaulting World T-Shirt (Unisex) - Vaulting World Shop","og_description":"This shirt is perfect for vaulting training and you can also wear it at competitions and events. Be a part of the Vaulting World Community with this vaulting shirt!","og_url":"https:\/\/vaultingshop.com\/de\/produkt\/vaulting-world-t-shirt-unisex-2\/","og_site_name":"Vaulting World Shop","article_modified_time":"2020-11-07T19:30:19+00:00","og_image":[{"width":1000,"height":1000,"url":"https:\/\/vaultingshop.com\/wp-content\/uploads\/2020\/11\/mockup-15b406cb.jpg","type":"image\/jpeg"}],"twitter_card":"summary_large_image","schema":{"@context":"https:\/\/schema.org","@graph":[{"@type":"WebPage","@id":"https:\/\/vaultingshop.com\/product\/vaulting-world-t-shirt-unisex-2\/","url":"https:\/\/vaultingshop.com\/product\/vaulting-world-t-shirt-unisex-2\/","name":"Vaulting World T-Shirt (Unisex) - Vaulting World Shop","isPartOf":{"@id":"https:\/\/vaultingshop.com\/#website"},"primaryImageOfPage":{"@id":"https:\/\/vaultingshop.com\/product\/vaulting-world-t-shirt-unisex-2\/#primaryimage"},"image":{"@id":"https:\/\/vaultingshop.com\/product\/vaulting-world-t-shirt-unisex-2\/#primaryimage"},"thumbnailUrl":"https:\/\/vaultingshop.com\/wp-content\/uploads\/2020\/11\/mockup-15b406cb.jpg","datePublished":"2020-11-07T19:28:59+00:00","dateModified":"2020-11-07T19:30:19+00:00","breadcrumb":{"@id":"https:\/\/vaultingshop.com\/product\/vaulting-world-t-shirt-unisex-2\/#breadcrumb"},"inLanguage":"de","potentialAction":[{"@type":"ReadAction","target":["https:\/\/vaultingshop.com\/product\/vaulting-world-t-shirt-unisex-2\/"]}]},{"@type":"ImageObject","inLanguage":"de","@id":"https:\/\/vaultingshop.com\/product\/vaulting-world-t-shirt-unisex-2\/#primaryimage","url":"https:\/\/vaultingshop.com\/wp-content\/uploads\/2020\/11\/mockup-15b406cb.jpg","contentUrl":"https:\/\/vaultingshop.com\/wp-content\/uploads\/2020\/11\/mockup-15b406cb.jpg","width":1000,"height":1000},{"@type":"BreadcrumbList","@id":"https:\/\/vaultingshop.com\/product\/vaulting-world-t-shirt-unisex-2\/#breadcrumb","itemListElement":[{"@type":"ListItem","position":1,"name":"Startseite","item":"https:\/\/vaultingshop.com\/"},{"@type":"ListItem","position":2,"name":"Shop","item":"https:\/\/vaultingshop.com\/shop\/"},{"@type":"ListItem","position":3,"name":"Vaulting World T-Shirt (Unisex)"}]},{"@type":"WebSite","@id":"https:\/\/vaultingshop.com\/#website","url":"https:\/\/vaultingshop.com\/","name":"Vaulting World Shop","description":"Connecting Vaulters","potentialAction":[{"@type":"SearchAction","target":{"@type":"EntryPoint","urlTemplate":"https:\/\/vaultingshop.com\/?s={search_term_string}"},"query-input":{"@type":"PropertyValueSpecification","valueRequired":true,"valueName":"search_term_string"}}],"inLanguage":"de"}]}},"jetpack_sharing_enabled":true,"_links":{"self":[{"href":"https:\/\/vaultingshop.com\/de\/wp-json\/wp\/v2\/product\/2681","targetHints":{"allow":["GET"]}}],"collection":[{"href":"https:\/\/vaultingshop.com\/de\/wp-json\/wp\/v2\/product"}],"about":[{"href":"https:\/\/vaultingshop.com\/de\/wp-json\/wp\/v2\/types\/product"}],"replies":[{"embeddable":true,"href":"https:\/\/vaultingshop.com\/de\/wp-json\/wp\/v2\/comments?post=2681"}],"wp:featuredmedia":[{"embeddable":true,"href":"https:\/\/vaultingshop.com\/de\/wp-json\/wp\/v2\/media\/2696"}],"wp:attachment":[{"href":"https:\/\/vaultingshop.com\/de\/wp-json\/wp\/v2\/media?parent=2681"}],"wp:term":[{"taxonomy":"product_brand","embeddable":true,"href":"https:\/\/vaultingshop.com\/de\/wp-json\/wp\/v2\/product_brand?post=2681"},{"taxonomy":"product_cat","embeddable":true,"href":"https:\/\/vaultingshop.com\/de\/wp-json\/wp\/v2\/product_cat?post=2681"},{"taxonomy":"product_tag","embeddable":true,"href":"https:\/\/vaultingshop.com\/de\/wp-json\/wp\/v2\/product_tag?post=2681"}],"curies":[{"name":"wp","href":"https:\/\/api.w.org\/{rel}","templated":true}]}}