{"id":2676,"date":"2020-11-07T21:07:42","date_gmt":"2020-11-07T19:07:42","guid":{"rendered":"http:\/\/vaultingshop.com.w01b331e.kasserver.com\/product\/vaulting-world-cap\/"},"modified":"2020-11-07T21:09:47","modified_gmt":"2020-11-07T19:09:47","slug":"vaulting-world-cap","status":"publish","type":"product","link":"https:\/\/vaultingshop.com\/de\/produkt\/vaulting-world-cap\/","title":{"rendered":"Vaulting World Cap"},"content":{"rendered":"<p>Die Vaulting World Cap in unserem einzigartigen Vaulting World Design ist das perfekte Accessoire f\u00fcr einen langen Tag im Stall oder auf dem Turnier. Sie hat eine strukturierte Passform mit einer Mesh-R\u00fcckseite und wird sicher zu einem Lieblingsst\u00fcck f\u00fcr alle Gelegenheiten.<\/p>\n<p>\u2022 60% Baumwolle, 40% Polyester<br \/>\n\u2022 Schlichter Logodruck<br \/>\n\u2022 Strukturierte Kappe mit sechs Paneelen<br \/>\n\u2022 Frontpaneele aus hartem Buckram<br \/>\n\u2022 R\u00fcckseite aus Mesh<br \/>\n\u2022 Verstellbarer Kunststoffverschluss<br \/>\n\u2022 Kopfumfang: 54,9 cm bis 60 cm<\/p>","protected":false},"excerpt":{"rendered":"<p>Die Vaulting World Cap in unserem einzigartigen Vaulting World Design ist das perfekte Accessoire f\u00fcr einen langen Tag im Stall oder auf dem Turnier. Sie hat eine strukturierte Passform mit einer Mesh-R\u00fcckseite und wird sicher zu einem Lieblingsst\u00fcck f\u00fcr alle Gelegenheiten.<\/p>","protected":false},"featured_media":2677,"comment_status":"closed","ping_status":"closed","template":"","meta":[],"product_brand":[],"product_cat":[65,60],"product_tag":[],"class_list":{"0":"post-2676","1":"product","2":"type-product","3":"status-publish","4":"has-post-thumbnail","6":"product_cat-hats","7":"product_cat-vaulting-world-collection","8":"has-thumbnail","10":"first","11":"instock","12":"shipping-taxable","13":"purchasable","14":"product-type-simple"},"yoast_head":"<!-- This site is optimized with the Yoast SEO plugin v24.5 - https:\/\/yoast.com\/wordpress\/plugins\/seo\/ -->\n<title>Vaulting World Cap - Vaulting World Shop<\/title>\n<meta name=\"robots\" content=\"noindex, follow, max-snippet:-1, max-image-preview:large, max-video-preview:-1\" \/>\n<meta property=\"og:locale\" content=\"de_DE\" \/>\n<meta property=\"og:type\" content=\"article\" \/>\n<meta property=\"og:title\" content=\"Vaulting World Cap - Vaulting World Shop\" \/>\n<meta property=\"og:description\" content=\"The Vaulting World Cap in our unique Vaulting World design is the perfect accessory for a long day at the stable or at competitions. It has a structured fit with a mesh back, and it&#039;s bound to become a favorite for all occasions.\" \/>\n<meta property=\"og:url\" content=\"https:\/\/vaultingshop.com\/de\/produkt\/vaulting-world-cap\/\" \/>\n<meta property=\"og:site_name\" content=\"Vaulting World Shop\" \/>\n<meta property=\"article:modified_time\" content=\"2020-11-07T19:09:47+00:00\" \/>\n<meta property=\"og:image\" content=\"https:\/\/vaultingshop.com\/wp-content\/uploads\/2020\/11\/mockup-29fb7bfa.jpg\" \/>\n\t<meta property=\"og:image:width\" content=\"1000\" \/>\n\t<meta property=\"og:image:height\" content=\"1000\" \/>\n\t<meta property=\"og:image:type\" content=\"image\/jpeg\" \/>\n<meta name=\"twitter:card\" content=\"summary_large_image\" \/>\n<script type=\"application\/ld+json\" class=\"yoast-schema-graph\">{\"@context\":\"https:\/\/schema.org\",\"@graph\":[{\"@type\":\"WebPage\",\"@id\":\"https:\/\/vaultingshop.com\/product\/vaulting-world-cap\/\",\"url\":\"https:\/\/vaultingshop.com\/product\/vaulting-world-cap\/\",\"name\":\"Vaulting World Cap - Vaulting World Shop\",\"isPartOf\":{\"@id\":\"https:\/\/vaultingshop.com\/#website\"},\"primaryImageOfPage\":{\"@id\":\"https:\/\/vaultingshop.com\/product\/vaulting-world-cap\/#primaryimage\"},\"image\":{\"@id\":\"https:\/\/vaultingshop.com\/product\/vaulting-world-cap\/#primaryimage\"},\"thumbnailUrl\":\"https:\/\/vaultingshop.com\/wp-content\/uploads\/2020\/11\/mockup-29fb7bfa.jpg\",\"datePublished\":\"2020-11-07T19:07:42+00:00\",\"dateModified\":\"2020-11-07T19:09:47+00:00\",\"breadcrumb\":{\"@id\":\"https:\/\/vaultingshop.com\/product\/vaulting-world-cap\/#breadcrumb\"},\"inLanguage\":\"de\",\"potentialAction\":[{\"@type\":\"ReadAction\",\"target\":[\"https:\/\/vaultingshop.com\/product\/vaulting-world-cap\/\"]}]},{\"@type\":\"ImageObject\",\"inLanguage\":\"de\",\"@id\":\"https:\/\/vaultingshop.com\/product\/vaulting-world-cap\/#primaryimage\",\"url\":\"https:\/\/vaultingshop.com\/wp-content\/uploads\/2020\/11\/mockup-29fb7bfa.jpg\",\"contentUrl\":\"https:\/\/vaultingshop.com\/wp-content\/uploads\/2020\/11\/mockup-29fb7bfa.jpg\",\"width\":1000,\"height\":1000},{\"@type\":\"BreadcrumbList\",\"@id\":\"https:\/\/vaultingshop.com\/product\/vaulting-world-cap\/#breadcrumb\",\"itemListElement\":[{\"@type\":\"ListItem\",\"position\":1,\"name\":\"Startseite\",\"item\":\"https:\/\/vaultingshop.com\/\"},{\"@type\":\"ListItem\",\"position\":2,\"name\":\"Shop\",\"item\":\"https:\/\/vaultingshop.com\/shop\/\"},{\"@type\":\"ListItem\",\"position\":3,\"name\":\"Vaulting World Cap\"}]},{\"@type\":\"WebSite\",\"@id\":\"https:\/\/vaultingshop.com\/#website\",\"url\":\"https:\/\/vaultingshop.com\/\",\"name\":\"Vaulting World Shop\",\"description\":\"Connecting Vaulters\",\"potentialAction\":[{\"@type\":\"SearchAction\",\"target\":{\"@type\":\"EntryPoint\",\"urlTemplate\":\"https:\/\/vaultingshop.com\/?s={search_term_string}\"},\"query-input\":{\"@type\":\"PropertyValueSpecification\",\"valueRequired\":true,\"valueName\":\"search_term_string\"}}],\"inLanguage\":\"de\"}]}<\/script>\n<!-- \/ Yoast SEO plugin. -->","yoast_head_json":{"title":"Vaulting World Cap - Vaulting World Shop","robots":{"index":"noindex","follow":"follow","max-snippet":"max-snippet:-1","max-image-preview":"max-image-preview:large","max-video-preview":"max-video-preview:-1"},"og_locale":"de_DE","og_type":"article","og_title":"Vaulting World Cap - Vaulting World Shop","og_description":"The Vaulting World Cap in our unique Vaulting World design is the perfect accessory for a long day at the stable or at competitions. It has a structured fit with a mesh back, and it's bound to become a favorite for all occasions.","og_url":"https:\/\/vaultingshop.com\/de\/produkt\/vaulting-world-cap\/","og_site_name":"Vaulting World Shop","article_modified_time":"2020-11-07T19:09:47+00:00","og_image":[{"width":1000,"height":1000,"url":"https:\/\/vaultingshop.com\/wp-content\/uploads\/2020\/11\/mockup-29fb7bfa.jpg","type":"image\/jpeg"}],"twitter_card":"summary_large_image","schema":{"@context":"https:\/\/schema.org","@graph":[{"@type":"WebPage","@id":"https:\/\/vaultingshop.com\/product\/vaulting-world-cap\/","url":"https:\/\/vaultingshop.com\/product\/vaulting-world-cap\/","name":"Vaulting World Cap - Vaulting World Shop","isPartOf":{"@id":"https:\/\/vaultingshop.com\/#website"},"primaryImageOfPage":{"@id":"https:\/\/vaultingshop.com\/product\/vaulting-world-cap\/#primaryimage"},"image":{"@id":"https:\/\/vaultingshop.com\/product\/vaulting-world-cap\/#primaryimage"},"thumbnailUrl":"https:\/\/vaultingshop.com\/wp-content\/uploads\/2020\/11\/mockup-29fb7bfa.jpg","datePublished":"2020-11-07T19:07:42+00:00","dateModified":"2020-11-07T19:09:47+00:00","breadcrumb":{"@id":"https:\/\/vaultingshop.com\/product\/vaulting-world-cap\/#breadcrumb"},"inLanguage":"de","potentialAction":[{"@type":"ReadAction","target":["https:\/\/vaultingshop.com\/product\/vaulting-world-cap\/"]}]},{"@type":"ImageObject","inLanguage":"de","@id":"https:\/\/vaultingshop.com\/product\/vaulting-world-cap\/#primaryimage","url":"https:\/\/vaultingshop.com\/wp-content\/uploads\/2020\/11\/mockup-29fb7bfa.jpg","contentUrl":"https:\/\/vaultingshop.com\/wp-content\/uploads\/2020\/11\/mockup-29fb7bfa.jpg","width":1000,"height":1000},{"@type":"BreadcrumbList","@id":"https:\/\/vaultingshop.com\/product\/vaulting-world-cap\/#breadcrumb","itemListElement":[{"@type":"ListItem","position":1,"name":"Startseite","item":"https:\/\/vaultingshop.com\/"},{"@type":"ListItem","position":2,"name":"Shop","item":"https:\/\/vaultingshop.com\/shop\/"},{"@type":"ListItem","position":3,"name":"Vaulting World Cap"}]},{"@type":"WebSite","@id":"https:\/\/vaultingshop.com\/#website","url":"https:\/\/vaultingshop.com\/","name":"Vaulting World Shop","description":"Connecting Vaulters","potentialAction":[{"@type":"SearchAction","target":{"@type":"EntryPoint","urlTemplate":"https:\/\/vaultingshop.com\/?s={search_term_string}"},"query-input":{"@type":"PropertyValueSpecification","valueRequired":true,"valueName":"search_term_string"}}],"inLanguage":"de"}]}},"jetpack_sharing_enabled":true,"_links":{"self":[{"href":"https:\/\/vaultingshop.com\/de\/wp-json\/wp\/v2\/product\/2676","targetHints":{"allow":["GET"]}}],"collection":[{"href":"https:\/\/vaultingshop.com\/de\/wp-json\/wp\/v2\/product"}],"about":[{"href":"https:\/\/vaultingshop.com\/de\/wp-json\/wp\/v2\/types\/product"}],"replies":[{"embeddable":true,"href":"https:\/\/vaultingshop.com\/de\/wp-json\/wp\/v2\/comments?post=2676"}],"wp:featuredmedia":[{"embeddable":true,"href":"https:\/\/vaultingshop.com\/de\/wp-json\/wp\/v2\/media\/2677"}],"wp:attachment":[{"href":"https:\/\/vaultingshop.com\/de\/wp-json\/wp\/v2\/media?parent=2676"}],"wp:term":[{"taxonomy":"product_brand","embeddable":true,"href":"https:\/\/vaultingshop.com\/de\/wp-json\/wp\/v2\/product_brand?post=2676"},{"taxonomy":"product_cat","embeddable":true,"href":"https:\/\/vaultingshop.com\/de\/wp-json\/wp\/v2\/product_cat?post=2676"},{"taxonomy":"product_tag","embeddable":true,"href":"https:\/\/vaultingshop.com\/de\/wp-json\/wp\/v2\/product_tag?post=2676"}],"curies":[{"name":"wp","href":"https:\/\/api.w.org\/{rel}","templated":true}]}}