{"id":2668,"date":"2020-11-07T20:52:32","date_gmt":"2020-11-07T18:52:32","guid":{"rendered":"http:\/\/vaultingshop.com.w01b331e.kasserver.com\/product\/vaulting-world-mug-3\/"},"modified":"2020-11-07T20:56:33","modified_gmt":"2020-11-07T18:56:33","slug":"vaulting-world-mug-3","status":"publish","type":"product","link":"https:\/\/vaultingshop.com\/de\/produkt\/vaulting-world-mug-3\/","title":{"rendered":"Vaulting World Tasse"},"content":{"rendered":"<p>Diese elegante Tasse in unserem einzigartigen Vaulting World Design ist perfekt f\u00fcr deinen Morgenkaffee, den Nachmittagstee oder jedes andere Hei\u00dfgetr\u00e4nk, welches du genie\u00dft. Sie ist gl\u00e4nzend wei\u00df und mit dem Vaulting World Logo bedruckt, das auch in der Sp\u00fclmaschine und in der Mikrowelle seine Qualit\u00e4t beibeh\u00e4lt.<\/p>\n<p>Das perfekte Geschenk f\u00fcr Voltigierer, Voltigiertrainer, Longenf\u00fchrer und alle Voltigierfans!<\/p>\n<p class=\"translation-block\">\u2022 Keramik<br>\n\u2022 Einfacher Logodruck auf jeder Seite<br>\n\u2022 Ma\u00dfe des 11oz Bechers: H\u00f6he: 9,8 cm, Durchmesser: 8,5 cm<br>\n\u2022 Ma\u00dfe des 15oz Bechers: H\u00f6he: 12 cm, Durchmesser: 8,5 cm<br>\n\u2022 Sp\u00fclmaschinen- und mikrowellenfest<\/p>","protected":false},"excerpt":{"rendered":"<p>Diese elegante Tasse in unserem einzigartigen Vaulting World Design ist perfekt f\u00fcr deinen Morgenkaffee, den Nachmittagstee oder jedes andere Hei\u00dfgetr\u00e4nk, welches du genie\u00dft. Sie ist gl\u00e4nzend wei\u00df und mit dem Vaulting World Logo bedruckt, das auch in der Sp\u00fclmaschine und in der Mikrowelle seine Qualit\u00e4t beibeh\u00e4lt.<\/p>","protected":false},"featured_media":2614,"comment_status":"closed","ping_status":"closed","template":"","meta":[],"product_brand":[],"product_cat":[62,60],"product_tag":[],"class_list":{"0":"post-2668","1":"product","2":"type-product","3":"status-publish","4":"has-post-thumbnail","6":"product_cat-vaulting-mugs","7":"product_cat-vaulting-world-collection","8":"has-thumbnail","10":"first","11":"instock","12":"shipping-taxable","13":"purchasable","14":"product-type-variable","15":"has-default-attributes"},"yoast_head":"<!-- This site is optimized with the Yoast SEO plugin v24.5 - https:\/\/yoast.com\/wordpress\/plugins\/seo\/ -->\n<title>Vaulting World Mug - Vaulting World Shop<\/title>\n<meta name=\"robots\" content=\"noindex, follow, max-snippet:-1, max-image-preview:large, max-video-preview:-1\" \/>\n<meta property=\"og:locale\" content=\"de_DE\" \/>\n<meta property=\"og:type\" content=\"article\" \/>\n<meta property=\"og:title\" content=\"Vaulting World Mug - Vaulting World Shop\" \/>\n<meta property=\"og:description\" content=\"This elegant mug in our unique Vaulting World design is perfect for your morning coffee, afternoon tea, or whatever hot beverage you enjoy. It&#039;s glossy white and yields a Vaulting World logo print that retains its quality when dish-washed and microwaved.\" \/>\n<meta property=\"og:url\" content=\"https:\/\/vaultingshop.com\/de\/produkt\/vaulting-world-mug-3\/\" \/>\n<meta property=\"og:site_name\" content=\"Vaulting World Shop\" \/>\n<meta property=\"article:modified_time\" content=\"2020-11-07T18:56:33+00:00\" \/>\n<meta property=\"og:image\" content=\"https:\/\/vaultingshop.com\/wp-content\/uploads\/2020\/05\/vaulting-world-mug.jpg\" \/>\n\t<meta property=\"og:image:width\" content=\"1000\" \/>\n\t<meta property=\"og:image:height\" content=\"1000\" \/>\n\t<meta property=\"og:image:type\" content=\"image\/jpeg\" \/>\n<meta name=\"twitter:card\" content=\"summary_large_image\" \/>\n<script type=\"application\/ld+json\" class=\"yoast-schema-graph\">{\"@context\":\"https:\/\/schema.org\",\"@graph\":[{\"@type\":\"WebPage\",\"@id\":\"https:\/\/vaultingshop.com\/product\/vaulting-world-mug-3\/\",\"url\":\"https:\/\/vaultingshop.com\/product\/vaulting-world-mug-3\/\",\"name\":\"Vaulting World Mug - Vaulting World Shop\",\"isPartOf\":{\"@id\":\"https:\/\/vaultingshop.com\/#website\"},\"primaryImageOfPage\":{\"@id\":\"https:\/\/vaultingshop.com\/product\/vaulting-world-mug-3\/#primaryimage\"},\"image\":{\"@id\":\"https:\/\/vaultingshop.com\/product\/vaulting-world-mug-3\/#primaryimage\"},\"thumbnailUrl\":\"https:\/\/vaultingshop.com\/wp-content\/uploads\/2020\/05\/vaulting-world-mug.jpg\",\"datePublished\":\"2020-11-07T18:52:32+00:00\",\"dateModified\":\"2020-11-07T18:56:33+00:00\",\"breadcrumb\":{\"@id\":\"https:\/\/vaultingshop.com\/product\/vaulting-world-mug-3\/#breadcrumb\"},\"inLanguage\":\"de\",\"potentialAction\":[{\"@type\":\"ReadAction\",\"target\":[\"https:\/\/vaultingshop.com\/product\/vaulting-world-mug-3\/\"]}]},{\"@type\":\"ImageObject\",\"inLanguage\":\"de\",\"@id\":\"https:\/\/vaultingshop.com\/product\/vaulting-world-mug-3\/#primaryimage\",\"url\":\"https:\/\/vaultingshop.com\/wp-content\/uploads\/2020\/05\/vaulting-world-mug.jpg\",\"contentUrl\":\"https:\/\/vaultingshop.com\/wp-content\/uploads\/2020\/05\/vaulting-world-mug.jpg\",\"width\":1000,\"height\":1000},{\"@type\":\"BreadcrumbList\",\"@id\":\"https:\/\/vaultingshop.com\/product\/vaulting-world-mug-3\/#breadcrumb\",\"itemListElement\":[{\"@type\":\"ListItem\",\"position\":1,\"name\":\"Startseite\",\"item\":\"https:\/\/vaultingshop.com\/\"},{\"@type\":\"ListItem\",\"position\":2,\"name\":\"Shop\",\"item\":\"https:\/\/vaultingshop.com\/shop\/\"},{\"@type\":\"ListItem\",\"position\":3,\"name\":\"Vaulting World Mug\"}]},{\"@type\":\"WebSite\",\"@id\":\"https:\/\/vaultingshop.com\/#website\",\"url\":\"https:\/\/vaultingshop.com\/\",\"name\":\"Vaulting World Shop\",\"description\":\"Connecting Vaulters\",\"potentialAction\":[{\"@type\":\"SearchAction\",\"target\":{\"@type\":\"EntryPoint\",\"urlTemplate\":\"https:\/\/vaultingshop.com\/?s={search_term_string}\"},\"query-input\":{\"@type\":\"PropertyValueSpecification\",\"valueRequired\":true,\"valueName\":\"search_term_string\"}}],\"inLanguage\":\"de\"}]}<\/script>\n<!-- \/ Yoast SEO plugin. -->","yoast_head_json":{"title":"Vaulting World Mug - Vaulting World Shop","robots":{"index":"noindex","follow":"follow","max-snippet":"max-snippet:-1","max-image-preview":"max-image-preview:large","max-video-preview":"max-video-preview:-1"},"og_locale":"de_DE","og_type":"article","og_title":"Vaulting World Mug - Vaulting World Shop","og_description":"This elegant mug in our unique Vaulting World design is perfect for your morning coffee, afternoon tea, or whatever hot beverage you enjoy. It's glossy white and yields a Vaulting World logo print that retains its quality when dish-washed and microwaved.","og_url":"https:\/\/vaultingshop.com\/de\/produkt\/vaulting-world-mug-3\/","og_site_name":"Vaulting World Shop","article_modified_time":"2020-11-07T18:56:33+00:00","og_image":[{"width":1000,"height":1000,"url":"https:\/\/vaultingshop.com\/wp-content\/uploads\/2020\/05\/vaulting-world-mug.jpg","type":"image\/jpeg"}],"twitter_card":"summary_large_image","schema":{"@context":"https:\/\/schema.org","@graph":[{"@type":"WebPage","@id":"https:\/\/vaultingshop.com\/product\/vaulting-world-mug-3\/","url":"https:\/\/vaultingshop.com\/product\/vaulting-world-mug-3\/","name":"Vaulting World Mug - Vaulting World Shop","isPartOf":{"@id":"https:\/\/vaultingshop.com\/#website"},"primaryImageOfPage":{"@id":"https:\/\/vaultingshop.com\/product\/vaulting-world-mug-3\/#primaryimage"},"image":{"@id":"https:\/\/vaultingshop.com\/product\/vaulting-world-mug-3\/#primaryimage"},"thumbnailUrl":"https:\/\/vaultingshop.com\/wp-content\/uploads\/2020\/05\/vaulting-world-mug.jpg","datePublished":"2020-11-07T18:52:32+00:00","dateModified":"2020-11-07T18:56:33+00:00","breadcrumb":{"@id":"https:\/\/vaultingshop.com\/product\/vaulting-world-mug-3\/#breadcrumb"},"inLanguage":"de","potentialAction":[{"@type":"ReadAction","target":["https:\/\/vaultingshop.com\/product\/vaulting-world-mug-3\/"]}]},{"@type":"ImageObject","inLanguage":"de","@id":"https:\/\/vaultingshop.com\/product\/vaulting-world-mug-3\/#primaryimage","url":"https:\/\/vaultingshop.com\/wp-content\/uploads\/2020\/05\/vaulting-world-mug.jpg","contentUrl":"https:\/\/vaultingshop.com\/wp-content\/uploads\/2020\/05\/vaulting-world-mug.jpg","width":1000,"height":1000},{"@type":"BreadcrumbList","@id":"https:\/\/vaultingshop.com\/product\/vaulting-world-mug-3\/#breadcrumb","itemListElement":[{"@type":"ListItem","position":1,"name":"Startseite","item":"https:\/\/vaultingshop.com\/"},{"@type":"ListItem","position":2,"name":"Shop","item":"https:\/\/vaultingshop.com\/shop\/"},{"@type":"ListItem","position":3,"name":"Vaulting World Mug"}]},{"@type":"WebSite","@id":"https:\/\/vaultingshop.com\/#website","url":"https:\/\/vaultingshop.com\/","name":"Vaulting World Shop","description":"Connecting Vaulters","potentialAction":[{"@type":"SearchAction","target":{"@type":"EntryPoint","urlTemplate":"https:\/\/vaultingshop.com\/?s={search_term_string}"},"query-input":{"@type":"PropertyValueSpecification","valueRequired":true,"valueName":"search_term_string"}}],"inLanguage":"de"}]}},"jetpack_sharing_enabled":true,"_links":{"self":[{"href":"https:\/\/vaultingshop.com\/de\/wp-json\/wp\/v2\/product\/2668","targetHints":{"allow":["GET"]}}],"collection":[{"href":"https:\/\/vaultingshop.com\/de\/wp-json\/wp\/v2\/product"}],"about":[{"href":"https:\/\/vaultingshop.com\/de\/wp-json\/wp\/v2\/types\/product"}],"replies":[{"embeddable":true,"href":"https:\/\/vaultingshop.com\/de\/wp-json\/wp\/v2\/comments?post=2668"}],"wp:featuredmedia":[{"embeddable":true,"href":"https:\/\/vaultingshop.com\/de\/wp-json\/wp\/v2\/media\/2614"}],"wp:attachment":[{"href":"https:\/\/vaultingshop.com\/de\/wp-json\/wp\/v2\/media?parent=2668"}],"wp:term":[{"taxonomy":"product_brand","embeddable":true,"href":"https:\/\/vaultingshop.com\/de\/wp-json\/wp\/v2\/product_brand?post=2668"},{"taxonomy":"product_cat","embeddable":true,"href":"https:\/\/vaultingshop.com\/de\/wp-json\/wp\/v2\/product_cat?post=2668"},{"taxonomy":"product_tag","embeddable":true,"href":"https:\/\/vaultingshop.com\/de\/wp-json\/wp\/v2\/product_tag?post=2668"}],"curies":[{"name":"wp","href":"https:\/\/api.w.org\/{rel}","templated":true}]}}