{"id":2588,"date":"2020-05-24T17:47:29","date_gmt":"2020-05-24T15:47:29","guid":{"rendered":"http:\/\/vaultingshop.com.w01b331e.kasserver.com\/impressum\/"},"modified":"2023-04-02T18:27:29","modified_gmt":"2023-04-02T16:27:29","slug":"impressum","status":"publish","type":"page","link":"https:\/\/vaultingshop.com\/de\/impressum\/","title":{"rendered":"Impressum"},"content":{"rendered":"<p class=\"has-text-align-center\">Carolin Christmann<br>Vaulting World<br>Obere Beintstra\u00dfe 3a<br>69221 Dossenheim<\/p><p class=\"has-text-align-center\">E-Mail: contact@vaultingworld.com<\/p><p class=\"has-text-align-center\">Umsatzsteuer-Identifikationsnummer gem\u00e4\u00df \u00a7 27a UStG: DE 123456789<\/p><p class=\"has-text-align-center\">Verantwortlich f\u00fcr den Inhalt gem\u00e4\u00df \u00a7 55 II RStV: Carolin Christmann<\/p><h3 class=\"wp-block-heading\">Alternative Streitbeilegung gem\u00e4\u00df Art. 14 (1) ODR-VO und \u00a7 36 VSBG:<\/h3><p class=\"has-text-align-center\">F\u00fcr die au\u00dfergerichtliche Beilegung von Verbraucherrechtsstreitigkeiten hat die Europ\u00e4ische Union eine Online-Plattform (\"OS-Plattform\") eingerichtet: https:\/\/ec.europa.eu\/consumers\/odr<\/p><p class=\"has-text-align-center\">Wir nehmen nicht am Verfahren zur alternativen Streitbeilegung in Verbraucherangelegenheiten nach dem Verbraucherstreitbeilegungsgesetz (VSBG) und zur Online-Streitbeilegung f\u00fcr Verbraucherstreitigkeiten nach der Verordnung \u00fcber die Online-Streitbeilegung in Verbraucherangelegenheiten (ODR-VO) teil.<\/p>","protected":false},"excerpt":{"rendered":"<p>Carolin ChristmannVaulting WorldObere Beintstra\u00dfe 3a69221 Dossenheim E-Mail: contact@vaultingworld.com Sales tax identification number according to \u00a7 27a UStG: DE 123456789 Responsible for content according to \u00a7 55 II RStV: Carolin Christmann Alternative Dispute Resolution in accordance with Art. 14 (1) ODR-VO and \u00a7 36 VSBG: For extrajudicial settlements of consumer disputes, the European Union has launched [&hellip;]<\/p>","protected":false},"author":1,"featured_media":0,"parent":0,"menu_order":0,"comment_status":"closed","ping_status":"closed","template":"","meta":{"footnotes":""},"class_list":["post-2588","page","type-page","status-publish","hentry","missing-thumbnail"],"yoast_head":"<!-- This site is optimized with the Yoast SEO plugin v24.5 - https:\/\/yoast.com\/wordpress\/plugins\/seo\/ -->\n<title>Legal Notice - Vaulting World Shop<\/title>\n<meta name=\"robots\" content=\"noindex, follow, max-snippet:-1, max-image-preview:large, max-video-preview:-1\" \/>\n<meta property=\"og:locale\" content=\"de_DE\" \/>\n<meta property=\"og:type\" content=\"article\" \/>\n<meta property=\"og:title\" content=\"Legal Notice - Vaulting World Shop\" \/>\n<meta property=\"og:description\" content=\"Carolin ChristmannVaulting WorldObere Beintstra\u00dfe 3a69221 Dossenheim E-Mail: contact@vaultingworld.com Sales tax identification number according to \u00a7 27a UStG: DE 123456789 Responsible for content according to \u00a7 55 II RStV: Carolin Christmann Alternative Dispute Resolution in accordance with Art. 14 (1) ODR-VO and \u00a7 36 VSBG: For extrajudicial settlements of consumer disputes, the European Union has launched [&hellip;]\" \/>\n<meta property=\"og:url\" content=\"https:\/\/vaultingshop.com\/de\/impressum\/\" \/>\n<meta property=\"og:site_name\" content=\"Vaulting World Shop\" \/>\n<meta property=\"article:modified_time\" content=\"2023-04-02T16:27:29+00:00\" \/>\n<meta name=\"twitter:card\" content=\"summary_large_image\" \/>\n<meta name=\"twitter:label1\" content=\"Gesch\u00e4tzte Lesezeit\" \/>\n\t<meta name=\"twitter:data1\" content=\"1\u00a0Minute\" \/>\n<script type=\"application\/ld+json\" class=\"yoast-schema-graph\">{\"@context\":\"https:\/\/schema.org\",\"@graph\":[{\"@type\":\"WebPage\",\"@id\":\"https:\/\/vaultingshop.com\/impressum\/\",\"url\":\"https:\/\/vaultingshop.com\/impressum\/\",\"name\":\"Legal Notice - Vaulting World Shop\",\"isPartOf\":{\"@id\":\"https:\/\/vaultingshop.com\/#website\"},\"datePublished\":\"2020-05-24T15:47:29+00:00\",\"dateModified\":\"2023-04-02T16:27:29+00:00\",\"breadcrumb\":{\"@id\":\"https:\/\/vaultingshop.com\/impressum\/#breadcrumb\"},\"inLanguage\":\"de\",\"potentialAction\":[{\"@type\":\"ReadAction\",\"target\":[\"https:\/\/vaultingshop.com\/impressum\/\"]}]},{\"@type\":\"BreadcrumbList\",\"@id\":\"https:\/\/vaultingshop.com\/impressum\/#breadcrumb\",\"itemListElement\":[{\"@type\":\"ListItem\",\"position\":1,\"name\":\"Startseite\",\"item\":\"https:\/\/vaultingshop.com\/\"},{\"@type\":\"ListItem\",\"position\":2,\"name\":\"Legal Notice\"}]},{\"@type\":\"WebSite\",\"@id\":\"https:\/\/vaultingshop.com\/#website\",\"url\":\"https:\/\/vaultingshop.com\/\",\"name\":\"Vaulting World Shop\",\"description\":\"Connecting Vaulters\",\"potentialAction\":[{\"@type\":\"SearchAction\",\"target\":{\"@type\":\"EntryPoint\",\"urlTemplate\":\"https:\/\/vaultingshop.com\/?s={search_term_string}\"},\"query-input\":{\"@type\":\"PropertyValueSpecification\",\"valueRequired\":true,\"valueName\":\"search_term_string\"}}],\"inLanguage\":\"de\"}]}<\/script>\n<!-- \/ Yoast SEO plugin. -->","yoast_head_json":{"title":"Legal Notice - Vaulting World Shop","robots":{"index":"noindex","follow":"follow","max-snippet":"max-snippet:-1","max-image-preview":"max-image-preview:large","max-video-preview":"max-video-preview:-1"},"og_locale":"de_DE","og_type":"article","og_title":"Legal Notice - Vaulting World Shop","og_description":"Carolin ChristmannVaulting WorldObere Beintstra\u00dfe 3a69221 Dossenheim E-Mail: contact@vaultingworld.com Sales tax identification number according to \u00a7 27a UStG: DE 123456789 Responsible for content according to \u00a7 55 II RStV: Carolin Christmann Alternative Dispute Resolution in accordance with Art. 14 (1) ODR-VO and \u00a7 36 VSBG: For extrajudicial settlements of consumer disputes, the European Union has launched [&hellip;]","og_url":"https:\/\/vaultingshop.com\/de\/impressum\/","og_site_name":"Vaulting World Shop","article_modified_time":"2023-04-02T16:27:29+00:00","twitter_card":"summary_large_image","twitter_misc":{"Gesch\u00e4tzte Lesezeit":"1\u00a0Minute"},"schema":{"@context":"https:\/\/schema.org","@graph":[{"@type":"WebPage","@id":"https:\/\/vaultingshop.com\/impressum\/","url":"https:\/\/vaultingshop.com\/impressum\/","name":"Legal Notice - Vaulting World Shop","isPartOf":{"@id":"https:\/\/vaultingshop.com\/#website"},"datePublished":"2020-05-24T15:47:29+00:00","dateModified":"2023-04-02T16:27:29+00:00","breadcrumb":{"@id":"https:\/\/vaultingshop.com\/impressum\/#breadcrumb"},"inLanguage":"de","potentialAction":[{"@type":"ReadAction","target":["https:\/\/vaultingshop.com\/impressum\/"]}]},{"@type":"BreadcrumbList","@id":"https:\/\/vaultingshop.com\/impressum\/#breadcrumb","itemListElement":[{"@type":"ListItem","position":1,"name":"Startseite","item":"https:\/\/vaultingshop.com\/"},{"@type":"ListItem","position":2,"name":"Legal Notice"}]},{"@type":"WebSite","@id":"https:\/\/vaultingshop.com\/#website","url":"https:\/\/vaultingshop.com\/","name":"Vaulting World Shop","description":"Connecting Vaulters","potentialAction":[{"@type":"SearchAction","target":{"@type":"EntryPoint","urlTemplate":"https:\/\/vaultingshop.com\/?s={search_term_string}"},"query-input":{"@type":"PropertyValueSpecification","valueRequired":true,"valueName":"search_term_string"}}],"inLanguage":"de"}]}},"jetpack_sharing_enabled":true,"_links":{"self":[{"href":"https:\/\/vaultingshop.com\/de\/wp-json\/wp\/v2\/pages\/2588","targetHints":{"allow":["GET"]}}],"collection":[{"href":"https:\/\/vaultingshop.com\/de\/wp-json\/wp\/v2\/pages"}],"about":[{"href":"https:\/\/vaultingshop.com\/de\/wp-json\/wp\/v2\/types\/page"}],"author":[{"embeddable":true,"href":"https:\/\/vaultingshop.com\/de\/wp-json\/wp\/v2\/users\/1"}],"replies":[{"embeddable":true,"href":"https:\/\/vaultingshop.com\/de\/wp-json\/wp\/v2\/comments?post=2588"}],"version-history":[{"count":11,"href":"https:\/\/vaultingshop.com\/de\/wp-json\/wp\/v2\/pages\/2588\/revisions"}],"predecessor-version":[{"id":3040,"href":"https:\/\/vaultingshop.com\/de\/wp-json\/wp\/v2\/pages\/2588\/revisions\/3040"}],"wp:attachment":[{"href":"https:\/\/vaultingshop.com\/de\/wp-json\/wp\/v2\/media?parent=2588"}],"curies":[{"name":"wp","href":"https:\/\/api.w.org\/{rel}","templated":true}]}}